{"id":4338,"date":"2021-07-10T16:45:16","date_gmt":"2021-07-10T13:45:16","guid":{"rendered":"https:\/\/triplex-confinium.eu\/?page_id=4338"},"modified":"2022-02-08T18:51:11","modified_gmt":"2022-02-08T16:51:11","slug":"rules","status":"publish","type":"page","link":"https:\/\/triplex-confinium.eu\/ro\/rules\/","title":{"rendered":"Rules"},"content":{"rendered":"<div class=\"vc_row wpb_row vc_row-fluid\" ><div class=\"wpb_column vc_column_container vc_col-sm-12\"><div class=\"vc_column-inner\"><div class=\"wpb_wrapper\"><div class=\"eltdf-elements-holder   eltdf-one-column  eltdf-responsive-mode-768\" ><div class=\"eltdf-eh-item\"  data-item-class=\"eltdf-eh-custom-4665\">\n\t<div class=\"eltdf-eh-item-inner\">\n\t\t<div class=\"eltdf-eh-item-content eltdf-eh-custom-4665\" >\n\t\t\t<div class=\"vc_btn3-container vc_btn3-inline\" ><a class=\"vc_general vc_btn3 vc_btn3-size-md vc_btn3-shape-square vc_btn3-style-flat vc_btn3-color-black\" href=\"https:\/\/drive.google.com\/uc?export=download&#038;id=1PTY5Vriqu8pOh4N-EHrD4wMz4N0rlnc1\" title=\"\" target=\"_blank\">Download the Brief<\/a><\/div>\n\t<div class=\"wpb_text_column wpb_content_element\" >\n\t\t<div class=\"wpb_wrapper\">\n\t\t\t<h3><strong>Contents:<\/strong><\/h3>\n<h4>1. Competition eligibility<br \/>\n2. Competition materials<br \/>\n3. Competition calendar<br \/>\n4. Projects submission<br \/>\n5. Jury works<br \/>\n6. Awards<br \/>\n7. Rights and obligations<br \/>\n8. Communication<br \/>\n9. Organizers<\/h4>\n<h3><b>1. Competition eligibility<\/b><\/h3>\n<p><span style=\"font-weight: 400;\">Think Brick! is open to any team consisting of <\/span><b>at least one architecture student enrolled in one of the accredited architecture faculties in Romania, Hungary, Serbia or Bulgaria. <\/b><span style=\"font-weight: 400;\">The student may be in association with one or more students or professionals of the same or related disciplines within the architectural, urban and landscape field (such as architects, urban planners, landscape architects, engineers) or from other relevant fields (such as sociology, geography, art, computer science, etc).\u00a0<\/span><\/p>\n<p><span style=\"font-weight: 400;\">All team members must be under the age of 30 years old on the closing date for submission of projects.<\/span><\/p>\n<p><span style=\"font-weight: 400;\">Teams can choose to be tutored (by a Triplex Confinium team member or by any other teacher from any of the accredited architecture faculties from the 4 countries). <\/span><span style=\"font-weight: 400;\">The tutors are considered external collaborators, and are not part of the team<\/span><span style=\"font-weight: 400;\">. The Triplex Confinium available tutors can be found on the project\u2019s website, together with their contacts (contacts will be displayed only for the tutors available for collaboration).<\/span><\/p>\n<p><span style=\"font-weight: 400;\">A member can be part of maximum 2 teams within the competition.<\/span><\/p>\n<h4><b>Composition of the Teams\u00a0<\/b><\/h4>\n<p><span style=\"font-weight: 400;\">There is no limit to the number of participants per team. Multidisciplinary teams are strongly encouraged, considering the Competition Brief.<\/span><\/p>\n<p><span style=\"font-weight: 400;\">Each team can have maximum 2 submitted projects in the competition.<\/span><\/p>\n<p><b>Team Coordinator<\/b><span style=\"font-weight: 400;\"> \u2013 Each team names one &#8220;Team Coordinator&#8221; among its members. The Team Coordinator will be the sole contact with the Triplex Confinium secretariat during the whole competition. Furthermore, every communication shall be done with one email address, which shall remain the same during the whole competition.<\/span><\/p>\n<p><span style=\"font-weight: 400;\">In order to initiate the collaboration with a tutor from the Triplex Confinium team, the team coordinator must contact the selected tutor at any date <\/span><b>before<\/b><span style=\"font-weight: 400;\"> the 1st of December 2021.<\/span><\/p>\n<p><span style=\"font-weight: 400;\">Each tutor can collaborate with a maximum of 5 teams. Each tutor has the right to select the teams with which he\/she can and wants to collaborate with.<\/span><\/p>\n<h4><b>Non-Eligibility\u00a0<\/b><\/h4>\n<p><span style=\"font-weight: 400;\">None of the Think Brick! jury members and\/or members of their families are eligible to be part of any team, or to tutor any of the teams.<\/span><\/p>\n<p><span style=\"font-weight: 400;\">The teaching staff from the partner universities can tutor any of the teams that registers in the competition. Any team has the right and possibility to be tutored by the Triplex Confinium available tutors.<\/span><\/p>\n<p><span style=\"font-weight: 400;\">The members of the Triplex Confinium team and the members of their families can only take part in the competition as tutor and organizer, and cannot be a member of the competing teams or author any of the projects.<\/span><\/p>\n<h3><b>2. Competition materials<\/b><\/h3>\n<p><b>Competition Brief and Research Materials<\/b><\/p>\n<p><span style=\"font-weight: 400;\">A database with competition materials has been created, HERE, and is composed of the following:<\/span><\/p>\n<ul>\n<li style=\"font-weight: 400;\" aria-level=\"1\"><span style=\"font-weight: 400;\">Repository of relevant materials about the region and project site\u00a0<\/span><\/li>\n<li style=\"font-weight: 400;\" aria-level=\"1\"><span style=\"font-weight: 400;\">Digital (dwg) file with the project site and surroundings\u00a0<\/span><\/li>\n<li style=\"font-weight: 400;\" aria-level=\"1\"><span style=\"font-weight: 400;\">A selection of pictures from the project site\u00a0<\/span><\/li>\n<li style=\"font-weight: 400;\" aria-level=\"1\"><span style=\"font-weight: 400;\">Competition Brief\u00a0<\/span><\/li>\n<\/ul>\n<p><span style=\"font-weight: 400;\">Besides these materials, the following will be published on the competition website:<\/span><\/p>\n<ul>\n<li style=\"font-weight: 400;\" aria-level=\"1\"><span style=\"font-weight: 400;\">Interviews with locals about relevant stories and places in Jimbolia &#8211; 10 episodes, published throughout the competition duration<\/span><\/li>\n<li style=\"font-weight: 400;\" aria-level=\"1\"><span style=\"font-weight: 400;\">Jimbolia Atlas &#8211; will be published on the 22nd of October.<\/span><\/li>\n<\/ul>\n<p><b>Competition Submission Layouts<\/b><\/p>\n<p><span style=\"font-weight: 400;\">100x70cm Panel Layout\u00a0<\/span><\/p>\n<p><span style=\"font-weight: 400;\">A3 Project Motivation&amp;Presentation Layout <\/span><\/p>\n<h3><b>3. Competition Calendar<\/b><\/h3>\n<p><span style=\"font-weight: 400;\">16 July &#8212; Competition launch<\/span><\/p>\n<p><span style=\"font-weight: 400;\">3 September &#8212; Deadline for Questions regarding the competition<\/span><\/p>\n<p><span style=\"font-weight: 400;\">10 September &#8212; Deadline for Answers to the submitted questions<\/span><\/p>\n<p><span style=\"font-weight: 400;\">20 September &#8212; Guided Site Visit<\/span><\/p>\n<p><i><span style=\"font-weight: 400;\">17 &#8211; 30 September &#8212; Triplex Confinium First Summer School<\/span><\/i><\/p>\n<p><span style=\"font-weight: 400;\">22 October &#8212; Online publication of the Jimbolia Atlas (Summer School Research)<\/span><\/p>\n<p><span style=\"font-weight: 400;\">25 February &#8212; Deadline for Project Submissions &#8211; 24:00hrs GMT+3<\/span><\/p>\n<p><span style=\"font-weight: 400;\">26-27 February &#8212; Preliminary analysis of Submissions by the Competition Technical Commission<\/span><\/p>\n<p><span style=\"font-weight: 400;\">28 February &#8212; Online Publication of the preliminary analysis report<\/span><\/p>\n<p><span style=\"font-weight: 400;\">1 March&#8212; Deadline for Submission of Complaints<\/span><\/p>\n<p><span style=\"font-weight: 400;\">2 March &#8212; Online publication of Complaints resolve and of the final list of projects to be presented to the jury members<\/span><\/p>\n<p><span style=\"font-weight: 400;\">2 &#8211; 18 March &#8212; Online Jury Works<\/span><\/p>\n<p><span style=\"font-weight: 400;\">21 March &#8212; Online publication of selected projects<\/span><\/p>\n<p><span style=\"font-weight: 400;\">1 &#8211; 12 April &#8212; Selected Works Exhibition in Kikinda, Serbia <\/span><i><span style=\"font-weight: 400;\">(Triplex Confinium Second Summer School)<\/span><\/i><\/p>\n<p><span style=\"font-weight: 400;\">14 April &#8212; Jury Members Lectures and Award Ceremony in Novi Sad, Serbia<\/span><\/p>\n<p><span style=\"font-weight: 400;\">21 April &#8212; Online Publication of Jury Report<\/span><\/p>\n<h3><b style=\"color: #000000; font-size: 28px;\">4. Project Submission<\/b><\/h3>\n<p><b>Digital Submission<\/b><\/p>\n<p><span style=\"font-weight: 400;\">Digital submission is compulsory and will be realised through the \u201dCompetition Submission\u201d section of the Triplex Confinium website (www.triplex-confinium.eu)<\/span><\/p>\n<p><span style=\"font-weight: 400;\">The form found on the Competition Submission section of the website must be fully filled in and submitted before 24.00hrs GMT+3 on the 25th of February.<\/span><\/p>\n<p><span style=\"font-weight: 400;\">The form will imply the upload of:<\/span><\/p>\n<ul>\n<li style=\"font-weight: 400;\" aria-level=\"1\"><span style=\"font-weight: 400;\">one 100x70cm panel in pdf format of maximum 15Mb, using the given layout<\/span><\/li>\n<li style=\"font-weight: 400;\" aria-level=\"1\"><span style=\"font-weight: 400;\">one Project Motivation&amp;Presentation file in pdf format of maximum 15Mb and 10 A3 pages, using the given layout<\/span><\/li>\n<li style=\"font-weight: 400;\" aria-level=\"1\"><span style=\"font-weight: 400;\">one PDF file proving the eligibility of all team members<\/span><\/li>\n<li style=\"font-weight: 400;\" aria-level=\"1\"><span style=\"font-weight: 400;\">3 project images in jpg or png format of 150dpi and maximum 3 Mb each<\/span><\/li>\n<\/ul>\n<p><span style=\"font-weight: 400;\">Failure to comply with the here-mentioned requirements on board presentation may result in the disqualification of the team.<\/span><\/p>\n<h4><b>Anonymity and Compulsory Content<\/b><\/h4>\n<p><span style=\"font-weight: 400;\">The project title must be displayed on every document: panel, project motivation&amp;presentation.<\/span><\/p>\n<p><span style=\"font-weight: 400;\">A specific code will be attributed to each project after upload. The teams do not know this code, through which the jury members take note of the project. The teams\u2019 identities will only be known by the Technical Commission.<\/span><\/p>\n<h4><b>Language<\/b><\/h4>\n<p><span style=\"font-weight: 400;\">The panel and all text presenting the ideas shall be written in English.<\/span><\/p>\n<h4><b>Items to Submit\u00a0<\/b><\/h4>\n<h5><span style=\"font-weight: 400;\">The 100&#215;70 Panel<\/span><\/h5>\n<p><i><span style=\"font-weight: 400;\">Contentwise, the panel must:<\/span><\/i><\/p>\n<p><span style=\"font-weight: 400;\">&#8211; explain the ideas developed in the project with regards to the specific site issues;<\/span><\/p>\n<p><span style=\"font-weight: 400;\">&#8211; present the project as a whole, highlighting the architecture of the project, and particularly the relationship between the new developments and the site\u2019s existing context, including three-dimensional representations of the project;<\/span><\/p>\n<p><i><span style=\"font-weight: 400;\">Technical specifications<\/span><\/i><span style=\"font-weight: 400;\">:<\/span><\/p>\n<p><span style=\"font-weight: 400;\">&#8211; The panel must use the layout specified by the Competition;<\/span><\/p>\n<p><span style=\"font-weight: 400;\">&#8211; PDF format;\u00a0<\/span><\/p>\n<p><span style=\"font-weight: 400;\">&#8211; Vertical (L 700 mm x H 1000 mm) ;\u00a0<\/span><\/p>\n<p><span style=\"font-weight: 400;\">&#8211; Maximum 15 Mb\u00a0<\/span><\/p>\n<p><span style=\"font-weight: 400;\">&#8211; All technical drawings must have a specified scale<\/span><\/p>\n<h5><span style=\"font-weight: 400;\">The Project Motivation&amp;Presentation File<\/span><span style=\"font-weight: 400;\">\u00a0<\/span><\/h5>\n<p><i><span style=\"font-weight: 400;\">Content:<\/span><\/i><\/p>\n<p><span style=\"font-weight: 400;\">The text must answer the following questions: What is the specific problem that the project wants to solve? What is the project hypothesis? What are the project&#8217;s objectives? Which are the desired outcomes?<\/span><\/p>\n<p><span style=\"font-weight: 400;\">The File must also contain a short presentation of the project, and will be used for online presentations of the project.<\/span><\/p>\n<p><i><span style=\"font-weight: 400;\">Technical specifications<\/span><\/i><span style=\"font-weight: 400;\">:<\/span><\/p>\n<p><span style=\"font-weight: 400;\">&#8211; maximum 10 pages;\u00a0<\/span><\/p>\n<p><span style=\"font-weight: 400;\">&#8211; PDF format;\u00a0<\/span><\/p>\n<p><span style=\"font-weight: 400;\">&#8211; Maximum 15 Mb<\/span><\/p>\n<p><span style=\"font-weight: 400;\">&#8211; Horizontal A3 (L 420mm x H 297mm).<\/span><\/p>\n<h5><span style=\"font-weight: 400;\">Documents to prove the eligibility of the team members<\/span><span style=\"font-weight: 400;\">\u00a0<\/span><\/h5>\n<p><span style=\"font-weight: 400;\">Documents for the disclosure of names and verification of the validity of the proposals shall be uploaded as <\/span><b>ONE PDF<\/b><span style=\"font-weight: 400;\"> on the competition website and will include:<\/span><\/p>\n<p><span style=\"font-weight: 400;\">&#8211; A copy of an ID document with a picture for each team member, providing evidence that they are under the age of 30 at the closing date for submission of entries (see calendar);<\/span><\/p>\n<p><span style=\"font-weight: 400;\">&#8211; Any form of proof (certificate, badge, letter of recommendation from one of the faculty members, etc.) for one member of the team, that shows that the person is an active student in an architecture faculty in Romania, Hungary, Serbia or Bulgaria.<\/span><\/p>\n<h5><span style=\"font-weight: 400;\">Documents for the project communication<\/span><\/h5>\n<p><span style=\"font-weight: 400;\">&#8211; 3 separate JPG or PNG images that symbolize the project (max. 3Mb per image).<\/span><\/p>\n<p><b>Control of the Submissions<\/b><\/p>\n<p><span style=\"font-weight: 400;\">After the upload you should receive an automated e-mail confirming your submission. Please also check your spam box.<\/span><\/p>\n<p><span style=\"font-weight: 400;\">If you do not receive this message within 24hrs from the submission, please write an e-mail to the competition secretariat: <\/span><a href=\"mailto:thinkbrick@gmail.com\"><span style=\"font-weight: 400;\">thinkbrick.competition@gmail.com<\/span><\/a><\/p>\n<p><span style=\"font-weight: 400;\">Any message written after the 24hrs window regarding the project upload will not be considered, and the project (if not received) will not be considered by the Jury.<\/span><\/p>\n<h3><b style=\"color: #000000; font-size: 28px;\">5. Jury works<\/b><\/h3>\n<h4><b>Technical Commission<\/b><\/h4>\n<p><span style=\"font-weight: 400;\">The Technical Commission does not judge but examines all the projects submitted in order to prepare the work for the jury. It will check if the submission is compliant with the rules, attribute a specific code to each project and keep the secret of the identity of authors until the public announcement of the competition preselection.<\/span><\/p>\n<h4><b>Juries<\/b><\/h4>\n<p><span style=\"font-weight: 400;\">The Jury is composed of an interdisciplinary team representing the four countries. Its composition will be announced up until the 1st of September.<\/span><\/p>\n<p><span style=\"font-weight: 400;\">*the Organizers have the responsibility to replace any member of the Jury in case one of the members cannot fulfill its mission for any reason.<\/span><\/p>\n<h5><span style=\"font-weight: 400;\">Working Methods and Evaluation Criteria<\/span><\/h5>\n<p><span style=\"font-weight: 400;\">The jury\u2019s decisions are final in compliance with the competition rules. The jury meets in 2 separate sessions at different times:<\/span><\/p>\n<p><span style=\"font-weight: 400;\">First round \u2013 At the beginning of this session, the jury appoints one of its members as chairman and agrees on its working method. It assesses the projects on their conceptual content and the degree of innovation and relevance for the project site and community and shortlists a maximum of 25 projects from the submitted works.<\/span><\/p>\n<p><span style=\"font-weight: 400;\">Second round \u2013 During the second round, the jury examines the shortlisted projects and points out the 3 winners, and 2 mentions. The jury could assess the projects on basis of: the relationship between concept and site; the relevance to the questions raised by the competition brief; the relevance of the programe and of the proposed solution for the local community; the innovative nature of the proposed solutions; the consideration given to the connection between different functions; the landscape, architectural and technical qualities.<\/span><\/p>\n<p><span style=\"font-weight: 400;\">The jury finally writes a report giving the reasons for the choice made in relation to the requirements of the competition and the concerned site.<\/span><\/p>\n<p><span style=\"font-weight: 400;\">If necessary, the jury can distribute prizes among entries up to its will or decide not to award all the prizes. In this case, the reasons shall be made public.<\/span><\/p>\n<p><span style=\"font-weight: 400;\">The jury may single out projects for Special Mention. These projects are recognized by the jury as presenting innovative ideas or insights, yet not sufficiently suitable for the site. The authors of such projects do not receive any reward.<\/span><\/p>\n<h5><span style=\"font-weight: 400;\">Disclosure of Authors<\/span><\/h5>\n<p><span style=\"font-weight: 400;\">The projects assessed by the jury are anonymous.<\/span><\/p>\n<p><span style=\"font-weight: 400;\">Once the list of selected projects is final, the authors of the selected projects will be revealed. This operation is done with the help of the Technical Commission.<\/span><\/p>\n<h3><b>6. Awards<\/b><\/h3>\n<p><span style=\"font-weight: 400;\">The 3 winners receive a reward of the equivalent of 1000 euro (taxes included). <\/span><span style=\"font-weight: 400;\">The organizers undertake to abide by the decisions of the national juries and to pay the reward within 60 days of the announcement of the results.<\/span><\/p>\n<p><span style=\"font-weight: 400;\">The 2 mentions receive a reward of the equivalent of 500 euro (taxes included). <\/span><span style=\"font-weight: 400;\">The organizers undertake to abide by the decisions of the national juries and to pay the reward within 60 days of the announcement of the results.<\/span><\/p>\n<h3><b>7. Rights and obligations<\/b><\/h3>\n<p><span style=\"font-weight: 400;\">By registering to the Think Brick! competition, the participants agree to have their personal data, as it has been provided, processed by the organizer.<\/span><\/p>\n<p><span style=\"font-weight: 400;\">The organizer ensures that the participants\u2019 data will be honestly and transparently processed, exclusively in the professional interest of both parties, in accordance with the provisions of the (EU) Regulation no. 679\/2016 of the European Parliament and the Council of the European Union (GDPR).<\/span><\/p>\n<p><span style=\"font-weight: 400;\">By registering entries in the competition, the participants declare that they have read and agree with the entirety of the rules from this present document.<\/span><\/p>\n<p><span style=\"font-weight: 400;\">All material (images, texts, panels\u2026) submitted to the organizers becomes their property, including reproduction rights. The intellectual property rights remain the exclusive property of their author(s).<\/span><\/p>\n<p><span style=\"font-weight: 400;\">Teams may not publish the documents submitted to the competition or disclose their names by using their project for any communication before the official announcement of the results. Any such publication may result in the disqualification of the team.<\/span><\/p>\n<p><span style=\"font-weight: 400;\">The organizers reserve the right to publish all the projects submitted to them after the official announcement of results. Projects are exhibited or published under the names of their authors.<\/span><\/p>\n<p><span style=\"font-weight: 400;\">Any kind of dispute will be resolved amicably. In the event of jurisdiction, this will take place in Timi\u0219oara, Romania.<\/span><\/p>\n<p><span style=\"font-weight: 400;\">The Organizers hold the right to make any necessary changes to the Competition Rules, due to the Covid-19 situation or any other situation. All changes must be announced on the competition website.<\/span><\/p>\n<h3><b>8. Communication<\/b><\/h3>\n<p><span style=\"font-weight: 400;\">The official means of communication for the competition is email.<\/span><\/p>\n<p><span style=\"font-weight: 400;\">The official email address for the competition is thinkbrick.competition@gmail.com<\/span><\/p>\n<p><span style=\"font-weight: 400;\">All communication related to the competition must be made through this address.<\/span><\/p>\n<p><span style=\"font-weight: 400;\">The official website of the competition is <\/span><a href=\"http:\/\/www.triplex-confinium\"><span style=\"font-weight: 400;\">www.triplex-confinium<\/span><\/a><span style=\"font-weight: 400;\">.eu <\/span><\/p>\n<h3><b>9. Organizers<\/b><\/h3>\n<p><span style=\"font-weight: 400;\">Think Brick! is organized by the Triplex Confinium Consortium.<\/span><\/p>\n<p>&nbsp;<\/p>\n<p><span style=\"font-weight: 400;\">Triplex Confinium is a project partially funded by the ERASMUS+ grant program of the European Union under grant no. 2019-1-RO01-KA203-063881 which is <\/span><span style=\"font-weight: 400;\">tackling gaps and mismatches in the field of higher education for architecture and urban planning while exploring and addressing discontinuities along the national borders in-between Romania, Hungary and Serbia.<\/span><\/p>\n<p>&nbsp;<\/p>\n<p><span style=\"font-weight: 400;\">Team members:<\/span><\/p>\n<p><b>UNIVERSITATEA POLITEHNICA TIMI\u0218OARA<\/b><span style=\"font-weight: 400;\">: Cristian Blidariu, Oana Simionescu, Ioan Andreescu, Bogdan Demetrescu, Mihai Danciu, Tiberiu Buc\u0219a, Bogdan Isopescu, \u0218tefana B\u0103descu.<\/span><\/p>\n<p><b>UNIVERSITATEA DE ARHITECTUR\u0102 \u0218I URBANISM ION MINCU DIN BUCURE\u0218TI<\/b><span style=\"font-weight: 400;\">: Irina Tulbure, Irina B\u0103ncescu, Ilinca P\u0103un-Constantinescu, Cristi Borcan, Alexandru Belenyi, Cristian B\u0103descu, Horia Moldovan.<\/span><\/p>\n<p><b>BUDAPESTI MUSZAKI ES GAZDASAGTUDOMANYI EGYETEM<\/b><span style=\"font-weight: 400;\">: Zsolt Vas\u00e1ros, Levente Szab\u00f3, Gergely S\u00e1gi, Zolt\u00e1n Major.<\/span><\/p>\n<p><b>DEBRECENI EGYETEM<\/b><span style=\"font-weight: 400;\">: Tamas Szentirmai, J\u00e1nos V\u00e1gi, Mikl\u00f3s J\u00e1nos Boros.<\/span><\/p>\n<p><b>UNIVERZITET U NOVOM SADU<\/b><span style=\"font-weight: 400;\">: Bojan Tepav\u010devi\u0107, Ivana Baj\u0161anski, Vesna Stojakovic,<\/span><\/p>\n<p><span style=\"font-weight: 400;\">Marko Vu\u010di\u0107, Milo\u0161 Obradovi\u0107, Jelena Ki\u0107anovi\u0107, Marko Jovanovi\u0107.<\/span><\/p>\n<p><b>SOFIA UNIVERSITY ST KLIMENT OHRIDSKY: <\/b><span style=\"font-weight: 400;\">Kaloian Tsetkov, <\/span><span style=\"font-weight: 400;\">Georgi Bardarov, <\/span><span style=\"font-weight: 400;\">Antonina Atanasova, Peter Stoyanov.<\/span><\/p>\n<p><b>UNIVERSITATEA BABES BOLYAI:<\/b><span style=\"font-weight: 400;\"> Norbert Petrovici, Cristi Pop.<\/span><\/p>\n<p>&nbsp;<\/p>\n<p><span style=\"font-weight: 400;\">Technical Commission:<\/span><\/p>\n<p><span style=\"font-weight: 400;\">Oana Simionescu, Vesna Stojakovic, Gergely S\u00e1gi, Zolt\u00e1n Major<\/span><\/p>\n<p><span style=\"font-weight: 400;\">Competition Secretariat:<\/span><\/p>\n<p><span style=\"font-weight: 400;\">Oana Simionescu<\/span><\/p>\n\n\t\t<\/div>\n\t<\/div>\n\t\t<\/div>\n\t<\/div>\n<\/div><\/div><\/div><\/div><\/div><\/div>","protected":false},"excerpt":{"rendered":"Download the Brief Contents: 1. Competition eligibility 2. Competition materials 3. Competition calendar 4. Projects submission 5. Jury works 6. Awards 7. Rights and obligations 8. Communication 9. Organizers 1. Competition eligibility Think Brick! is open to any team consisting of at least one architecture student enrolled in one of the accredited architecture faculties in Romania, Hungary, Serbia or Bulgaria. [...]","protected":false},"author":4,"featured_media":0,"parent":0,"menu_order":0,"comment_status":"closed","ping_status":"closed","template":"","meta":{"_bbp_topic_count":0,"_bbp_reply_count":0,"_bbp_total_topic_count":0,"_bbp_total_reply_count":0,"_bbp_voice_count":0,"_bbp_anonymous_reply_count":0,"_bbp_topic_count_hidden":0,"_bbp_reply_count_hidden":0,"_bbp_forum_subforum_count":0},"_links":{"self":[{"href":"https:\/\/triplex-confinium.eu\/ro\/wp-json\/wp\/v2\/pages\/4338"}],"collection":[{"href":"https:\/\/triplex-confinium.eu\/ro\/wp-json\/wp\/v2\/pages"}],"about":[{"href":"https:\/\/triplex-confinium.eu\/ro\/wp-json\/wp\/v2\/types\/page"}],"author":[{"embeddable":true,"href":"https:\/\/triplex-confinium.eu\/ro\/wp-json\/wp\/v2\/users\/4"}],"replies":[{"embeddable":true,"href":"https:\/\/triplex-confinium.eu\/ro\/wp-json\/wp\/v2\/comments?post=4338"}],"version-history":[{"count":11,"href":"https:\/\/triplex-confinium.eu\/ro\/wp-json\/wp\/v2\/pages\/4338\/revisions"}],"predecessor-version":[{"id":4991,"href":"https:\/\/triplex-confinium.eu\/ro\/wp-json\/wp\/v2\/pages\/4338\/revisions\/4991"}],"wp:attachment":[{"href":"https:\/\/triplex-confinium.eu\/ro\/wp-json\/wp\/v2\/media?parent=4338"}],"curies":[{"name":"wp","href":"https:\/\/api.w.org\/{rel}","templated":true}]}}