{"id":4344,"date":"2021-07-10T16:46:10","date_gmt":"2021-07-10T13:46:10","guid":{"rendered":"https:\/\/triplex-confinium.eu\/?page_id=4344"},"modified":"2022-03-22T00:17:44","modified_gmt":"2022-03-21T22:17:44","slug":"submission","status":"publish","type":"page","link":"https:\/\/triplex-confinium.eu\/bg\/submission\/","title":{"rendered":"Submission"},"content":{"rendered":"<div class=\"vc_row wpb_row vc_row-fluid\" ><div class=\"wpb_column vc_column_container vc_col-sm-12\"><div class=\"vc_column-inner\"><div class=\"wpb_wrapper\"><div class=\"eltdf-elements-holder   eltdf-one-column  eltdf-responsive-mode-768\" ><div class=\"eltdf-eh-item\"  data-item-class=\"eltdf-eh-custom-7165\">\n\t<div class=\"eltdf-eh-item-inner\">\n\t\t<div class=\"eltdf-eh-item-content eltdf-eh-custom-7165\" >\n\t\t\t\n\t<div class=\"wpb_text_column wpb_content_element\" >\n\t\t<div class=\"wpb_wrapper\">\n\t\t\t<p dir=\"ltr\">The submission period for the ThinkBrick competition ended.<\/p>\n<p dir=\"ltr\">21 projects were submitted, by students from 3 countries: Hungary, Serbia and Romania.<\/p>\n<p dir=\"ltr\">All 21 projects were accepted by the Technical Commission.<\/p>\n<p>&nbsp;<\/p>\n<p dir=\"ltr\">The following persons have submitted projects at the ThinkBrick competition:<\/p>\n<p dir=\"ltr\">Di\u00e1na Bodorkos<\/p>\n<p dir=\"ltr\">Skrab\u00e1k Julianna<\/p>\n<p dir=\"ltr\">Katalin Kitti Kiss<\/p>\n<p dir=\"ltr\">M\u00e1t\u00e9 Levente Andirk\u00f3<\/p>\n<p dir=\"ltr\">Lor\u00e1nd Jakab<\/p>\n<p dir=\"ltr\">Laura Ioana Tiron<\/p>\n<p dir=\"ltr\">Boris Glu\u0161\u010devi\u0107<\/p>\n<p dir=\"ltr\">Alexandru Naghi<\/p>\n<p dir=\"ltr\">Laura Szikszai<\/p>\n<p dir=\"ltr\">Rebeka Posta<\/p>\n<p dir=\"ltr\">L\u00e1szl\u00f3 Szilasi<\/p>\n<p dir=\"ltr\">Laura Arge\u015feanu<\/p>\n<p dir=\"ltr\">Gordana Savkovi\u0107<\/p>\n<p dir=\"ltr\">Meda-Ioana Cotei<\/p>\n<p dir=\"ltr\">Nenad Zujovic<\/p>\n<p dir=\"ltr\">Dunja Duvnjak<\/p>\n<p dir=\"ltr\">Ina Pa\u0161i\u0107<\/p>\n<p dir=\"ltr\">Lidija Gigovi\u0107<\/p>\n<p dir=\"ltr\">Anja Pilipovic<\/p>\n<p dir=\"ltr\">Jelena Mi\u0161ljenovi\u0107<\/p>\n<p dir=\"ltr\">Avram Casian<!-- \/wp:paragraph --><\/p>\n\n\t\t<\/div>\n\t<\/div>\n<div class=\"vc_empty_space\"   style=\"height: 18px\"><span class=\"vc_empty_space_inner\"><\/span><\/div><div class=\"vc_message_box vc_message_box-solid vc_message_box-rounded vc_color-grey\" ><div class=\"vc_message_box-icon\"><i class=\"fa fa-file-pdf-o\"><\/i><\/div><p><a href=\"https:\/\/drive.google.com\/uc?export=download&amp;id=1mvYu5e0ICAYLEFSdNnu_-MQfGvBa-JKk\">ThinkBrick Submission Report<\/a><\/p>\n<\/div><div class=\"vc_empty_space\"   style=\"height: 18px\"><span class=\"vc_empty_space_inner\"><\/span><\/div>\n\t<div class=\"wpb_text_column wpb_content_element\" >\n\t\t<div class=\"wpb_wrapper\">\n\t\t\t<p>Complaints can be addressed by the 1st of March, 24:00 GMT+1, via e-mail at\u00a0<a href=\"mailto:thinkbrick.competition@gmail.com\" target=\"_blank\" rel=\"noopener noreferrer\">thinkbrick.competition@gmail.<wbr \/>com<\/a>.<\/p>\n\n\t\t<\/div>\n\t<\/div>\n\t\t<\/div>\n\t<\/div>\n<\/div><\/div><\/div><\/div><\/div><\/div>","protected":false},"excerpt":{"rendered":"The submission period for the ThinkBrick competition ended. 21 projects were submitted, by students from 3 countries: Hungary, Serbia and Romania. All 21 projects were accepted by the Technical Commission. &nbsp; The following persons have submitted projects at the ThinkBrick competition: Di\u00e1na Bodorkos Skrab\u00e1k Julianna Katalin Kitti Kiss M\u00e1t\u00e9 Levente Andirk\u00f3 Lor\u00e1nd Jakab Laura Ioana Tiron Boris Glu\u0161\u010devi\u0107 Alexandru Naghi [...]","protected":false},"author":4,"featured_media":0,"parent":0,"menu_order":0,"comment_status":"closed","ping_status":"closed","template":"","meta":{"_bbp_topic_count":0,"_bbp_reply_count":0,"_bbp_total_topic_count":0,"_bbp_total_reply_count":0,"_bbp_voice_count":0,"_bbp_anonymous_reply_count":0,"_bbp_topic_count_hidden":0,"_bbp_reply_count_hidden":0,"_bbp_forum_subforum_count":0},"_links":{"self":[{"href":"https:\/\/triplex-confinium.eu\/bg\/wp-json\/wp\/v2\/pages\/4344"}],"collection":[{"href":"https:\/\/triplex-confinium.eu\/bg\/wp-json\/wp\/v2\/pages"}],"about":[{"href":"https:\/\/triplex-confinium.eu\/bg\/wp-json\/wp\/v2\/types\/page"}],"author":[{"embeddable":true,"href":"https:\/\/triplex-confinium.eu\/bg\/wp-json\/wp\/v2\/users\/4"}],"replies":[{"embeddable":true,"href":"https:\/\/triplex-confinium.eu\/bg\/wp-json\/wp\/v2\/comments?post=4344"}],"version-history":[{"count":9,"href":"https:\/\/triplex-confinium.eu\/bg\/wp-json\/wp\/v2\/pages\/4344\/revisions"}],"predecessor-version":[{"id":5045,"href":"https:\/\/triplex-confinium.eu\/bg\/wp-json\/wp\/v2\/pages\/4344\/revisions\/5045"}],"wp:attachment":[{"href":"https:\/\/triplex-confinium.eu\/bg\/wp-json\/wp\/v2\/media?parent=4344"}],"curies":[{"name":"wp","href":"https:\/\/api.w.org\/{rel}","templated":true}]}}