{"id":4342,"date":"2021-07-10T16:45:56","date_gmt":"2021-07-10T13:45:56","guid":{"rendered":"https:\/\/triplex-confinium.eu\/?page_id=4342"},"modified":"2021-09-01T15:42:14","modified_gmt":"2021-09-01T12:42:14","slug":"jury","status":"publish","type":"page","link":"https:\/\/triplex-confinium.eu\/bg\/jury\/","title":{"rendered":"Jury"},"content":{"rendered":"<div class=\"vc_row wpb_row vc_row-fluid\" ><div class=\"wpb_column vc_column_container vc_col-sm-12\"><div class=\"vc_column-inner\"><div class=\"wpb_wrapper\"><div class=\"eltdf-elements-holder   eltdf-one-column  eltdf-responsive-mode-768\" ><div class=\"eltdf-eh-item\"  data-item-class=\"eltdf-eh-custom-2027\">\n\t<div class=\"eltdf-eh-item-inner\">\n\t\t<div class=\"eltdf-eh-item-content eltdf-eh-custom-2027\" >\n\t\t\t\n\t<div class=\"wpb_text_column wpb_content_element\" >\n\t\t<div class=\"wpb_wrapper\">\n\t\t\t<p><img loading=\"lazy\" class=\"wp-image-4613 size-medium alignleft\" src=\"https:\/\/triplex-confinium.eu\/wp-content\/uploads\/2021\/08\/juriu-232x300.jpg\" alt=\"\" width=\"232\" height=\"300\" srcset=\"https:\/\/triplex-confinium.eu\/wp-content\/uploads\/2021\/08\/juriu-232x300.jpg 232w, https:\/\/triplex-confinium.eu\/wp-content\/uploads\/2021\/08\/juriu-791x1024.jpg 791w, https:\/\/triplex-confinium.eu\/wp-content\/uploads\/2021\/08\/juriu-768x994.jpg 768w, https:\/\/triplex-confinium.eu\/wp-content\/uploads\/2021\/08\/juriu-1187x1536.jpg 1187w, https:\/\/triplex-confinium.eu\/wp-content\/uploads\/2021\/08\/juriu-1582x2048.jpg 1582w, https:\/\/triplex-confinium.eu\/wp-content\/uploads\/2021\/08\/juriu-9x12.jpg 9w, https:\/\/triplex-confinium.eu\/wp-content\/uploads\/2021\/08\/juriu-600x777.jpg 600w\" sizes=\"(max-width: 232px) 100vw, 232px\" \/><b>P\u00e1l GY\u00dcRKI-KISS<\/b><span style=\"font-weight: 400;\"> is an architect who studied at the Budapest University of Technology and the Helsinki University of Technology. Dealing with mostly public buildings, the focus of his own Budapest-based studio is on individual custom-fit approaches, learning and understanding the endless complexity of architecture. Beyond former teaching activities at the Moholy-Nagy University of Art and Design he currently investigates the multilayered relationship of memory and architecture in his doctoral research.<\/span><\/p>\n\n\t\t<\/div>\n\t<\/div>\n\t\t<\/div>\n\t<\/div>\n<\/div><\/div><div class=\"eltdf-elements-holder   eltdf-one-column  eltdf-responsive-mode-768\" ><div class=\"eltdf-eh-item\"  data-item-class=\"eltdf-eh-custom-7461\">\n\t<div class=\"eltdf-eh-item-inner\">\n\t\t<div class=\"eltdf-eh-item-content eltdf-eh-custom-7461\" >\n\t\t\t\n\t<div class=\"wpb_text_column wpb_content_element\" >\n\t\t<div class=\"wpb_wrapper\">\n\t\t\t<p><img loading=\"lazy\" class=\"wp-image-4612 size-medium alignleft\" src=\"https:\/\/triplex-confinium.eu\/wp-content\/uploads\/2021\/08\/juriu3-232x300.jpg\" alt=\"\" width=\"232\" height=\"300\" srcset=\"https:\/\/triplex-confinium.eu\/wp-content\/uploads\/2021\/08\/juriu3-232x300.jpg 232w, https:\/\/triplex-confinium.eu\/wp-content\/uploads\/2021\/08\/juriu3-791x1024.jpg 791w, https:\/\/triplex-confinium.eu\/wp-content\/uploads\/2021\/08\/juriu3-768x994.jpg 768w, https:\/\/triplex-confinium.eu\/wp-content\/uploads\/2021\/08\/juriu3-1187x1536.jpg 1187w, https:\/\/triplex-confinium.eu\/wp-content\/uploads\/2021\/08\/juriu3-1582x2048.jpg 1582w, https:\/\/triplex-confinium.eu\/wp-content\/uploads\/2021\/08\/juriu3-9x12.jpg 9w, https:\/\/triplex-confinium.eu\/wp-content\/uploads\/2021\/08\/juriu3-600x777.jpg 600w\" sizes=\"(max-width: 232px) 100vw, 232px\" \/><b>\u0218tefan GHENCIULESCU<\/b><span style=\"font-weight: 400;\"> is an <\/span><span style=\"font-weight: 400;\">architect, editor, researcher and curator. Editor-in-chief of the Zeppelin architecture magazine. Lecturer at the \u201dIon Mincu&#8221; Architecture and Urbanism University. Co-author and co-editor of 11 books. He received more than 16 awards and nominations at international competitions and biennials.<\/span><\/p>\n\n\t\t<\/div>\n\t<\/div>\n\t\t<\/div>\n\t<\/div>\n<\/div><\/div><div class=\"eltdf-elements-holder   eltdf-one-column  eltdf-responsive-mode-768\" ><div class=\"eltdf-eh-item\"  data-item-class=\"eltdf-eh-custom-4831\">\n\t<div class=\"eltdf-eh-item-inner\">\n\t\t<div class=\"eltdf-eh-item-content eltdf-eh-custom-4831\" >\n\t\t\t\n\t<div class=\"wpb_text_column wpb_content_element\" >\n\t\t<div class=\"wpb_wrapper\">\n\t\t\t<p><img loading=\"lazy\" class=\"alignleft wp-image-4609 size-medium\" src=\"https:\/\/triplex-confinium.eu\/wp-content\/uploads\/2021\/08\/juriu2-232x300.jpg\" alt=\"\" width=\"232\" height=\"300\" srcset=\"https:\/\/triplex-confinium.eu\/wp-content\/uploads\/2021\/08\/juriu2-232x300.jpg 232w, https:\/\/triplex-confinium.eu\/wp-content\/uploads\/2021\/08\/juriu2-791x1024.jpg 791w, https:\/\/triplex-confinium.eu\/wp-content\/uploads\/2021\/08\/juriu2-768x994.jpg 768w, https:\/\/triplex-confinium.eu\/wp-content\/uploads\/2021\/08\/juriu2-1187x1536.jpg 1187w, https:\/\/triplex-confinium.eu\/wp-content\/uploads\/2021\/08\/juriu2-1582x2048.jpg 1582w, https:\/\/triplex-confinium.eu\/wp-content\/uploads\/2021\/08\/juriu2-9x12.jpg 9w, https:\/\/triplex-confinium.eu\/wp-content\/uploads\/2021\/08\/juriu2-600x777.jpg 600w\" sizes=\"(max-width: 232px) 100vw, 232px\" \/><\/p>\n<p><strong>Dejan MITOV <\/strong><span style=\"font-weight: 400;\">is an architect and co-founder of architectural studio \u201eModelart Architects\u201c, based in Novi Sad, Serbia. He graduated with master\u2019s degree studies of architecture at the Faculty of Technical Sciences, University of Novi Sad after he also graduated with master\u2019s degree in wood processing at Faculty of Forestry, University of Belgrade, Serbia.<\/span><\/p>\n\n\t\t<\/div>\n\t<\/div>\n\t\t<\/div>\n\t<\/div>\n<\/div><\/div><div class=\"eltdf-elements-holder   eltdf-one-column  eltdf-responsive-mode-768\" ><div class=\"eltdf-eh-item\"  data-item-class=\"eltdf-eh-custom-2429\">\n\t<div class=\"eltdf-eh-item-inner\">\n\t\t<div class=\"eltdf-eh-item-content eltdf-eh-custom-2429\" >\n\t\t\t\n\t<div class=\"wpb_text_column wpb_content_element\" >\n\t\t<div class=\"wpb_wrapper\">\n\t\t\t<p><img loading=\"lazy\" class=\"wp-image-4644 size-medium alignleft\" src=\"https:\/\/triplex-confinium.eu\/wp-content\/uploads\/2021\/08\/4-232x300.jpg\" alt=\"\" width=\"232\" height=\"300\" srcset=\"https:\/\/triplex-confinium.eu\/wp-content\/uploads\/2021\/08\/4-232x300.jpg 232w, https:\/\/triplex-confinium.eu\/wp-content\/uploads\/2021\/08\/4-791x1024.jpg 791w, https:\/\/triplex-confinium.eu\/wp-content\/uploads\/2021\/08\/4-768x994.jpg 768w, https:\/\/triplex-confinium.eu\/wp-content\/uploads\/2021\/08\/4-1187x1536.jpg 1187w, https:\/\/triplex-confinium.eu\/wp-content\/uploads\/2021\/08\/4-1582x2048.jpg 1582w, https:\/\/triplex-confinium.eu\/wp-content\/uploads\/2021\/08\/4-9x12.jpg 9w, https:\/\/triplex-confinium.eu\/wp-content\/uploads\/2021\/08\/4-600x777.jpg 600w\" sizes=\"(max-width: 232px) 100vw, 232px\" \/><\/p>\n<p><b>Kliment NAYDENOV<\/b> <span style=\"font-weight: 400;\">graduated from Sofia University &#8220;St. Kliment Ohridski&#8221; with a Master degree in Economic geography \u2013 Geography of population and settlements and Geography Teacher. He is a specialist in International relations. He has a master degree in the field of Economics and management of tourism. He has also a PhD degree in the field of Regional demography. Today he is the Dean of Faculty of Geology and Geography in Sofia University &#8220;St. Kliment Ohridski &#8221; and Chairperson of the Bulgarian Geographical Society. He is a former head\u00a0 of department \u201cRegional development\u201d. His teaching activities include conducting lectures on demography and human resources management, regional development and policy, urban planning and management, geodemography and tourism. Kliment Naydenov is author and co-author of over 90 publications in scientific journals and proceedings in Bulgaria and abroad, including books and textbooks for higher and secondary school. He has participated in more than 100 national and international projects.<\/span><\/p>\n\n\t\t<\/div>\n\t<\/div>\n\t\t<\/div>\n\t<\/div>\n<\/div><\/div><div class=\"eltdf-elements-holder   eltdf-one-column  eltdf-responsive-mode-768\" ><div class=\"eltdf-eh-item\"  data-item-class=\"eltdf-eh-custom-7864\">\n\t<div class=\"eltdf-eh-item-inner\">\n\t\t<div class=\"eltdf-eh-item-content eltdf-eh-custom-7864\" >\n\t\t\t\n\t<div class=\"wpb_text_column wpb_content_element\" >\n\t\t<div class=\"wpb_wrapper\">\n\t\t\t<p><img loading=\"lazy\" class=\"wp-image-4646 size-medium alignleft\" src=\"https:\/\/triplex-confinium.eu\/wp-content\/uploads\/2021\/08\/5-232x300.jpg\" alt=\"\" width=\"232\" height=\"300\" srcset=\"https:\/\/triplex-confinium.eu\/wp-content\/uploads\/2021\/08\/5-232x300.jpg 232w, https:\/\/triplex-confinium.eu\/wp-content\/uploads\/2021\/08\/5-791x1024.jpg 791w, https:\/\/triplex-confinium.eu\/wp-content\/uploads\/2021\/08\/5-768x994.jpg 768w, https:\/\/triplex-confinium.eu\/wp-content\/uploads\/2021\/08\/5-1187x1536.jpg 1187w, https:\/\/triplex-confinium.eu\/wp-content\/uploads\/2021\/08\/5-1582x2048.jpg 1582w, https:\/\/triplex-confinium.eu\/wp-content\/uploads\/2021\/08\/5-9x12.jpg 9w, https:\/\/triplex-confinium.eu\/wp-content\/uploads\/2021\/08\/5-600x777.jpg 600w\" sizes=\"(max-width: 232px) 100vw, 232px\" \/><\/p>\n<p><b>Sergiu DEMA <\/b><span style=\"font-weight: 400;\">is the director of Jimbolia&#8217;s House of Culture. In this capacity, he carries out annual cultural activities aimed at preserving the identity of the local community. He is also the coordinator of the online project JimboBlog, a website focused on recovering and perpetuating identity elements specific to Jimbolia&#8217;s multiculturalism.\u00a0 He has participated over time in many international activities focused mainly on inclusion and education.\u00a0 He is licensed in Orthodox Theology, graduating in this field with a master&#8217;s degree. He also graduated with a master&#8217;s degree in sustainable development.<\/span><\/p>\n\n\t\t<\/div>\n\t<\/div>\n\t\t<\/div>\n\t<\/div>\n<\/div><\/div><div class=\"eltdf-elements-holder   eltdf-one-column  eltdf-responsive-mode-768\" ><div class=\"eltdf-eh-item\"  data-item-class=\"eltdf-eh-custom-9375\">\n\t<div class=\"eltdf-eh-item-inner\">\n\t\t<div class=\"eltdf-eh-item-content eltdf-eh-custom-9375\" >\n\t\t\t\n\t<div class=\"wpb_text_column wpb_content_element\" >\n\t\t<div class=\"wpb_wrapper\">\n\t\t\t<p><a href=\"https:\/\/triplex-confinium.eu\/wp-content\/uploads\/2021\/08\/6-scaled.jpg\"><img loading=\"lazy\" class=\"wp-image-4725 size-medium alignleft\" src=\"https:\/\/triplex-confinium.eu\/wp-content\/uploads\/2021\/08\/6-232x300.jpg\" alt=\"\" width=\"232\" height=\"300\" srcset=\"https:\/\/triplex-confinium.eu\/wp-content\/uploads\/2021\/08\/6-232x300.jpg 232w, https:\/\/triplex-confinium.eu\/wp-content\/uploads\/2021\/08\/6-791x1024.jpg 791w, https:\/\/triplex-confinium.eu\/wp-content\/uploads\/2021\/08\/6-768x994.jpg 768w, https:\/\/triplex-confinium.eu\/wp-content\/uploads\/2021\/08\/6-1187x1536.jpg 1187w, https:\/\/triplex-confinium.eu\/wp-content\/uploads\/2021\/08\/6-1582x2048.jpg 1582w, https:\/\/triplex-confinium.eu\/wp-content\/uploads\/2021\/08\/6-9x12.jpg 9w, https:\/\/triplex-confinium.eu\/wp-content\/uploads\/2021\/08\/6-600x777.jpg 600w\" sizes=\"(max-width: 232px) 100vw, 232px\" \/><\/a><\/p>\n<p style=\"text-align: left;\"><b>Dominika TIHANYI<\/b><span style=\"font-weight: 400;\">, born 1977 in Budapest (Hungary), studied landscape architecture at Szent Istv\u00e1n University. In 2000 she co-founded with six fellow friends their office \u00dajir\u00e1ny Group, which aims to reflect on new urban challenges drawn up by the ever changing world around us and to set up new directions and possibilities of development. She obtained her DLA at the Moholy-Nagy University of Art and Design, where she also teaches landscape architecture. Her research work deals with the social aspects of sustainability, focusing on the implementation of creative strategies and public art in the course of urban regeneration. The chain of public interventions to follow up this methodology was selected in the book Landscape Architecture Europe #4. She was part of the jury of LAE#5.<\/span><\/p>\n\n\t\t<\/div>\n\t<\/div>\n\t\t<\/div>\n\t<\/div>\n<\/div><\/div><div class=\"eltdf-elements-holder   eltdf-one-column  eltdf-responsive-mode-768\" ><div class=\"eltdf-eh-item\"  data-item-class=\"eltdf-eh-custom-4695\">\n\t<div class=\"eltdf-eh-item-inner\">\n\t\t<div class=\"eltdf-eh-item-content eltdf-eh-custom-4695\" >\n\t\t\t\n\t<div class=\"wpb_text_column wpb_content_element\" >\n\t\t<div class=\"wpb_wrapper\">\n\t\t\t<p><a href=\"https:\/\/triplex-confinium.eu\/wp-content\/uploads\/2021\/09\/8-scaled.jpg\"><img loading=\"lazy\" class=\"wp-image-4739 size-medium alignleft\" src=\"https:\/\/triplex-confinium.eu\/wp-content\/uploads\/2021\/09\/8-232x300.jpg\" alt=\"\" width=\"232\" height=\"300\" srcset=\"https:\/\/triplex-confinium.eu\/wp-content\/uploads\/2021\/09\/8-232x300.jpg 232w, https:\/\/triplex-confinium.eu\/wp-content\/uploads\/2021\/09\/8-791x1024.jpg 791w, https:\/\/triplex-confinium.eu\/wp-content\/uploads\/2021\/09\/8-768x994.jpg 768w, https:\/\/triplex-confinium.eu\/wp-content\/uploads\/2021\/09\/8-1187x1536.jpg 1187w, https:\/\/triplex-confinium.eu\/wp-content\/uploads\/2021\/09\/8-1582x2048.jpg 1582w, https:\/\/triplex-confinium.eu\/wp-content\/uploads\/2021\/09\/8-9x12.jpg 9w, https:\/\/triplex-confinium.eu\/wp-content\/uploads\/2021\/09\/8-600x777.jpg 600w\" sizes=\"(max-width: 232px) 100vw, 232px\" \/><\/a><\/p>\n<p><b>Florin POENARU<\/b><span style=\"font-weight: 400;\"> is a lecturer in Sociology and Anthropology in the Department of Sociology and Social Work, University of Bucharest. He has a PhD in social anthropology from Central European University, Budapest and was a Fulbright Visiting Scholar to City University of New York. He works on issues related to class, post-socialism and global history of Eastern Europe and teaches classes on contemporary theories in sociology and anthropology. He is a co-editor of CriticAtac, founding member of LeftEast and regular contributor to Bilten. His latest book is Locuri comune: clas\u0103, anti-comunism, st\u00e2nga, Tact, 2017. He also took part in over a dozen of election monitoring missions across Eastern Europe, the Balkans and the Middle East. <\/span><\/p>\n\n\t\t<\/div>\n\t<\/div>\n\t\t<\/div>\n\t<\/div>\n<\/div><\/div><\/div><\/div><\/div><\/div>","protected":false},"excerpt":{"rendered":"P\u00e1l GY\u00dcRKI-KISS is an architect who studied at the Budapest University of Technology and the Helsinki University of Technology. Dealing with mostly public buildings, the focus of his own Budapest-based studio is on individual custom-fit approaches, learning and understanding the endless complexity of architecture. Beyond former teaching activities at the Moholy-Nagy University of Art and Design he currently investigates the [...]","protected":false},"author":4,"featured_media":0,"parent":0,"menu_order":0,"comment_status":"closed","ping_status":"closed","template":"","meta":{"_bbp_topic_count":0,"_bbp_reply_count":0,"_bbp_total_topic_count":0,"_bbp_total_reply_count":0,"_bbp_voice_count":0,"_bbp_anonymous_reply_count":0,"_bbp_topic_count_hidden":0,"_bbp_reply_count_hidden":0,"_bbp_forum_subforum_count":0},"_links":{"self":[{"href":"https:\/\/triplex-confinium.eu\/bg\/wp-json\/wp\/v2\/pages\/4342"}],"collection":[{"href":"https:\/\/triplex-confinium.eu\/bg\/wp-json\/wp\/v2\/pages"}],"about":[{"href":"https:\/\/triplex-confinium.eu\/bg\/wp-json\/wp\/v2\/types\/page"}],"author":[{"embeddable":true,"href":"https:\/\/triplex-confinium.eu\/bg\/wp-json\/wp\/v2\/users\/4"}],"replies":[{"embeddable":true,"href":"https:\/\/triplex-confinium.eu\/bg\/wp-json\/wp\/v2\/comments?post=4342"}],"version-history":[{"count":19,"href":"https:\/\/triplex-confinium.eu\/bg\/wp-json\/wp\/v2\/pages\/4342\/revisions"}],"predecessor-version":[{"id":4741,"href":"https:\/\/triplex-confinium.eu\/bg\/wp-json\/wp\/v2\/pages\/4342\/revisions\/4741"}],"wp:attachment":[{"href":"https:\/\/triplex-confinium.eu\/bg\/wp-json\/wp\/v2\/media?parent=4342"}],"curies":[{"name":"wp","href":"https:\/\/api.w.org\/{rel}","templated":true}]}}